{"id":4247,"date":"2023-09-27T15:45:47","date_gmt":"2023-09-27T13:45:47","guid":{"rendered":"https:\/\/kapkamore.cz\/?page_id=4247"},"modified":"2023-09-27T17:06:32","modified_gmt":"2023-09-27T15:06:32","slug":"domov","status":"publish","type":"page","link":"https:\/\/kapkamore.cz\/domov\/","title":{"rendered":"domov"},"content":{"rendered":"\t\t<div data-elementor-type=\"wp-page\" data-elementor-id=\"4247\" class=\"elementor elementor-4247\">\n\t\t\t\t\t\t<div class=\"elementor-inner\">\n\t\t\t\t<div class=\"elementor-section-wrap\">\n\t\t\t\t\t\t\t\t\t<section class=\"elementor-section elementor-top-section elementor-element elementor-element-767e17f elementor-section-height-min-height elementor-section-boxed elementor-section-height-default elementor-section-items-middle\" data-id=\"767e17f\" data-element_type=\"section\" data-settings=\"{&quot;background_background&quot;:&quot;classic&quot;,&quot;shape_divider_bottom&quot;:&quot;mountains&quot;}\">\n\t\t\t\t\t\t\t<div class=\"elementor-background-overlay\"><\/div>\n\t\t\t\t\t\t<div class=\"elementor-shape elementor-shape-bottom\" data-negative=\"false\">\n\t\t\t<svg xmlns=\"http:\/\/www.w3.org\/2000\/svg\" viewBox=\"0 0 1000 100\" preserveAspectRatio=\"none\">\n\t<path class=\"elementor-shape-fill\" opacity=\"0.33\" d=\"M473,67.3c-203.9,88.3-263.1-34-320.3,0C66,119.1,0,59.7,0,59.7V0h1000v59.7 c0,0-62.1,26.1-94.9,29.3c-32.8,3.3-62.8-12.3-75.8-22.1C806,49.6,745.3,8.7,694.9,4.7S492.4,59,473,67.3z\"\/>\n\t<path class=\"elementor-shape-fill\" opacity=\"0.66\" d=\"M734,67.3c-45.5,0-77.2-23.2-129.1-39.1c-28.6-8.7-150.3-10.1-254,39.1 s-91.7-34.4-149.2,0C115.7,118.3,0,39.8,0,39.8V0h1000v36.5c0,0-28.2-18.5-92.1-18.5C810.2,18.1,775.7,67.3,734,67.3z\"\/>\n\t<path class=\"elementor-shape-fill\" d=\"M766.1,28.9c-200-57.5-266,65.5-395.1,19.5C242,1.8,242,5.4,184.8,20.6C128,35.8,132.3,44.9,89.9,52.5C28.6,63.7,0,0,0,0 h1000c0,0-9.9,40.9-83.6,48.1S829.6,47,766.1,28.9z\"\/>\n<\/svg>\t\t<\/div>\n\t\t\t\t\t<div class=\"elementor-container elementor-column-gap-default\">\n\t\t\t\t\t\t\t<div class=\"elementor-row\">\n\t\t\t\t\t<div class=\"elementor-column elementor-col-100 elementor-top-column elementor-element elementor-element-aa4279a\" data-id=\"aa4279a\" data-element_type=\"column\">\n\t\t\t<div class=\"elementor-column-wrap elementor-element-populated\">\n\t\t\t\t\t\t\t<div class=\"elementor-widget-wrap\">\n\t\t\t\t\t\t<section class=\"elementor-section elementor-inner-section elementor-element elementor-element-a2af7bf elementor-section-height-min-height elementor-section-content-middle elementor-section-full_width elementor-section-height-default\" data-id=\"a2af7bf\" data-element_type=\"section\">\n\t\t\t\t\t\t<div class=\"elementor-container elementor-column-gap-no\">\n\t\t\t\t\t\t\t<div class=\"elementor-row\">\n\t\t\t\t\t<div class=\"elementor-column elementor-col-100 elementor-inner-column elementor-element elementor-element-a94971f\" data-id=\"a94971f\" data-element_type=\"column\">\n\t\t\t<div class=\"elementor-column-wrap elementor-element-populated\">\n\t\t\t\t\t\t\t<div class=\"elementor-widget-wrap\">\n\t\t\t\t\t\t<div class=\"elementor-element elementor-element-09075a0 elementor-widget elementor-widget-writing-effect-headline\" data-id=\"09075a0\" data-element_type=\"widget\" data-widget_type=\"writing-effect-headline.default\">\n\t\t\t\t<div class=\"elementor-widget-container\">\n\t\t\t        <h6 class=\"futurio-extra-written-headline\" data-speed=\"33\" data-delay=\"1000\" data-loop=\"0\">\r\n        \r\n                    <span class=\"written-lines\">str\u00e1nky v \u00faprav\u011b<\/span>\r\n        \r\n                <\/h6>\r\n        \t\t<\/div>\n\t\t\t\t<\/div>\n\t\t\t\t\t\t<\/div>\n\t\t\t\t\t<\/div>\n\t\t<\/div>\n\t\t\t\t\t\t\t\t<\/div>\n\t\t\t\t\t<\/div>\n\t\t<\/section>\n\t\t\t\t\t\t<\/div>\n\t\t\t\t\t<\/div>\n\t\t<\/div>\n\t\t\t\t\t\t\t\t<\/div>\n\t\t\t\t\t<\/div>\n\t\t<\/section>\n\t\t\t\t<section class=\"elementor-section elementor-top-section elementor-element elementor-element-1d78ed3 elementor-section-boxed elementor-section-height-default elementor-section-height-default\" data-id=\"1d78ed3\" data-element_type=\"section\">\n\t\t\t\t\t\t<div class=\"elementor-container elementor-column-gap-default\">\n\t\t\t\t\t\t\t<div class=\"elementor-row\">\n\t\t\t\t\t<div class=\"elementor-column elementor-col-100 elementor-top-column elementor-element elementor-element-8bf7f7c\" data-id=\"8bf7f7c\" data-element_type=\"column\">\n\t\t\t<div class=\"elementor-column-wrap elementor-element-populated\">\n\t\t\t\t\t\t\t<div class=\"elementor-widget-wrap\">\n\t\t\t\t\t\t<section class=\"elementor-section elementor-inner-section elementor-element elementor-element-df2e358 elementor-section-boxed elementor-section-height-default elementor-section-height-default\" data-id=\"df2e358\" data-element_type=\"section\">\n\t\t\t\t\t\t<div class=\"elementor-container elementor-column-gap-default\">\n\t\t\t\t\t\t\t<div class=\"elementor-row\">\n\t\t\t\t\t<div class=\"elementor-column elementor-col-33 elementor-inner-column elementor-element elementor-element-8abda4c\" data-id=\"8abda4c\" data-element_type=\"column\">\n\t\t\t<div class=\"elementor-column-wrap\">\n\t\t\t\t\t\t\t<div class=\"elementor-widget-wrap\">\n\t\t\t\t\t\t\t\t<\/div>\n\t\t\t\t\t<\/div>\n\t\t<\/div>\n\t\t\t\t<div class=\"elementor-column elementor-col-33 elementor-inner-column elementor-element elementor-element-1639da5\" data-id=\"1639da5\" data-element_type=\"column\">\n\t\t\t<div class=\"elementor-column-wrap elementor-element-populated\">\n\t\t\t\t\t\t\t<div class=\"elementor-widget-wrap\">\n\t\t\t\t\t\t<div class=\"elementor-element elementor-element-ce41933 elementor-widget elementor-widget-spacer\" data-id=\"ce41933\" data-element_type=\"widget\" data-widget_type=\"spacer.default\">\n\t\t\t\t<div class=\"elementor-widget-container\">\n\t\t\t\t\t<div class=\"elementor-spacer\">\n\t\t\t<div class=\"elementor-spacer-inner\"><\/div>\n\t\t<\/div>\n\t\t\t\t<\/div>\n\t\t\t\t<\/div>\n\t\t\t\t<div class=\"elementor-element elementor-element-f3885f8 elementor-widget elementor-widget-text-editor\" data-id=\"f3885f8\" data-element_type=\"widget\" data-widget_type=\"text-editor.default\">\n\t\t\t\t<div class=\"elementor-widget-container\">\n\t\t\t\t\t\t\t\t<div class=\"elementor-text-editor elementor-clearfix\">\n\t\t\t\t<h4 style=\"text-align: left;\"><strong>\u201eJsem jen kr\u016fp\u011bj pouh\u00e1, jsem kapkou v mo\u0159i, av\u0161ak tis\u00edce n\u00e1s mo\u0159e tvo\u0159\u00ed.\u201c <\/strong><\/h4><h4 style=\"text-align: left;\"><strong>\u0158<\/strong><strong>ekla jednou Kapka Mo\u0159e<\/strong><\/h4>\t\t\t\t\t<\/div>\n\t\t\t\t\t\t<\/div>\n\t\t\t\t<\/div>\n\t\t\t\t\t\t<\/div>\n\t\t\t\t\t<\/div>\n\t\t<\/div>\n\t\t\t\t<div class=\"elementor-column elementor-col-33 elementor-inner-column elementor-element elementor-element-f8710ae\" data-id=\"f8710ae\" data-element_type=\"column\">\n\t\t\t<div class=\"elementor-column-wrap elementor-element-populated\">\n\t\t\t\t\t\t\t<div class=\"elementor-widget-wrap\">\n\t\t\t\t\t\t<div class=\"elementor-element elementor-element-f54fa51 elementor-widget elementor-widget-image\" data-id=\"f54fa51\" data-element_type=\"widget\" data-widget_type=\"image.default\">\n\t\t\t\t<div class=\"elementor-widget-container\">\n\t\t\t\t\t\t\t\t<div class=\"elementor-image\">\n\t\t\t\t\t\t\t\t\t\t\t\t<img decoding=\"async\" width=\"150\" height=\"150\" src=\"https:\/\/kapkamore.cz\/wp-content\/uploads\/2023\/09\/kapka-more-s.r.o.-150x150.png\" class=\"attachment-thumbnail size-thumbnail wp-image-4271\" alt=\"\" loading=\"lazy\" srcset=\"https:\/\/kapkamore.cz\/wp-content\/uploads\/2023\/09\/kapka-more-s.r.o.-150x150.png 150w, https:\/\/kapkamore.cz\/wp-content\/uploads\/2023\/09\/kapka-more-s.r.o.-300x300.png 300w, https:\/\/kapkamore.cz\/wp-content\/uploads\/2023\/09\/kapka-more-s.r.o.-100x100.png 100w, https:\/\/kapkamore.cz\/wp-content\/uploads\/2023\/09\/kapka-more-s.r.o.-60x60.png 60w, https:\/\/kapkamore.cz\/wp-content\/uploads\/2023\/09\/kapka-more-s.r.o.-90x90.png 90w, https:\/\/kapkamore.cz\/wp-content\/uploads\/2023\/09\/kapka-more-s.r.o..png 534w\" sizes=\"(max-width: 150px) 100vw, 150px\" \/>\t\t\t\t\t\t\t\t\t\t\t\t\t\t<\/div>\n\t\t\t\t\t\t<\/div>\n\t\t\t\t<\/div>\n\t\t\t\t\t\t<\/div>\n\t\t\t\t\t<\/div>\n\t\t<\/div>\n\t\t\t\t\t\t\t\t<\/div>\n\t\t\t\t\t<\/div>\n\t\t<\/section>\n\t\t\t\t\t\t<\/div>\n\t\t\t\t\t<\/div>\n\t\t<\/div>\n\t\t\t\t\t\t\t\t<\/div>\n\t\t\t\t\t<\/div>\n\t\t<\/section>\n\t\t\t\t<section class=\"elementor-section elementor-top-section elementor-element elementor-element-14be71c elementor-section-boxed elementor-section-height-default elementor-section-height-default\" data-id=\"14be71c\" data-element_type=\"section\" data-settings=\"{&quot;background_background&quot;:&quot;classic&quot;}\">\n\t\t\t\t\t\t\t<div class=\"elementor-background-overlay\"><\/div>\n\t\t\t\t\t\t\t<div class=\"elementor-container elementor-column-gap-default\">\n\t\t\t\t\t\t\t<div class=\"elementor-row\">\n\t\t\t\t\t<div class=\"elementor-column elementor-col-100 elementor-top-column elementor-element elementor-element-15f68a3\" data-id=\"15f68a3\" data-element_type=\"column\" data-settings=\"{&quot;background_background&quot;:&quot;classic&quot;}\">\n\t\t\t<div class=\"elementor-column-wrap elementor-element-populated\">\n\t\t\t\t\t\t\t<div class=\"elementor-widget-wrap\">\n\t\t\t\t\t\t<section class=\"elementor-section elementor-inner-section elementor-element elementor-element-c010df8 elementor-section-boxed elementor-section-height-default elementor-section-height-default\" data-id=\"c010df8\" data-element_type=\"section\">\n\t\t\t\t\t\t<div class=\"elementor-container elementor-column-gap-default\">\n\t\t\t\t\t\t\t<div class=\"elementor-row\">\n\t\t\t\t\t<div class=\"elementor-column elementor-col-50 elementor-inner-column elementor-element elementor-element-07fa9fa\" data-id=\"07fa9fa\" data-element_type=\"column\">\n\t\t\t<div class=\"elementor-column-wrap elementor-element-populated\">\n\t\t\t\t\t\t\t<div class=\"elementor-widget-wrap\">\n\t\t\t\t\t\t<div class=\"elementor-element elementor-element-cb215ea elementor-shape-circle e-grid-align-right elementor-widget__width-initial elementor-hidden-desktop elementor-hidden-tablet elementor-grid-0 elementor-widget elementor-widget-social-icons\" data-id=\"cb215ea\" data-element_type=\"widget\" data-widget_type=\"social-icons.default\">\n\t\t\t\t<div class=\"elementor-widget-container\">\n\t\t\t\t\t<div class=\"elementor-social-icons-wrapper elementor-grid\">\n\t\t\t\t\t\t\t<span class=\"elementor-grid-item\">\n\t\t\t\t\t<a class=\"elementor-icon elementor-social-icon elementor-social-icon-facebook-f elementor-animation-pulse-shrink elementor-repeater-item-fd97586\" href=\"https:\/\/www.facebook.com\/kapkamore.cz\/\" target=\"_blank\">\n\t\t\t\t\t\t<span class=\"elementor-screen-only\">Facebook-f<\/span>\n\t\t\t\t\t\t<i class=\"fab fa-facebook-f\"><\/i>\t\t\t\t\t<\/a>\n\t\t\t\t<\/span>\n\t\t\t\t\t<\/div>\n\t\t\t\t<\/div>\n\t\t\t\t<\/div>\n\t\t\t\t<div class=\"elementor-element elementor-element-afd139f elementor-shape-circle e-grid-align-left elementor-widget__width-auto elementor-hidden-phone elementor-grid-0 elementor-widget elementor-widget-social-icons\" data-id=\"afd139f\" data-element_type=\"widget\" data-widget_type=\"social-icons.default\">\n\t\t\t\t<div class=\"elementor-widget-container\">\n\t\t\t\t\t<div class=\"elementor-social-icons-wrapper elementor-grid\">\n\t\t\t\t\t\t\t<span class=\"elementor-grid-item\">\n\t\t\t\t\t<a class=\"elementor-icon elementor-social-icon elementor-social-icon-facebook-f elementor-animation-pulse-shrink elementor-repeater-item-fd97586\" href=\"https:\/\/www.facebook.com\/kapkamore.cz\/\" target=\"_blank\">\n\t\t\t\t\t\t<span class=\"elementor-screen-only\">Facebook-f<\/span>\n\t\t\t\t\t\t<i class=\"fab fa-facebook-f\"><\/i>\t\t\t\t\t<\/a>\n\t\t\t\t<\/span>\n\t\t\t\t\t<\/div>\n\t\t\t\t<\/div>\n\t\t\t\t<\/div>\n\t\t\t\t<div class=\"elementor-element elementor-element-1ecef2f elementor-shape-circle elementor-widget__width-initial elementor-hidden-desktop elementor-hidden-tablet elementor-grid-0 e-grid-align-center elementor-widget elementor-widget-social-icons\" data-id=\"1ecef2f\" data-element_type=\"widget\" data-widget_type=\"social-icons.default\">\n\t\t\t\t<div class=\"elementor-widget-container\">\n\t\t\t\t\t<div class=\"elementor-social-icons-wrapper elementor-grid\">\n\t\t\t\t\t\t\t<span class=\"elementor-grid-item\">\n\t\t\t\t\t<a class=\"elementor-icon elementor-social-icon elementor-social-icon-instagram elementor-animation-pulse-shrink elementor-repeater-item-136fee9\" href=\"https:\/\/www.instagram.com\/kapkamore.cz\/\" target=\"_blank\">\n\t\t\t\t\t\t<span class=\"elementor-screen-only\">Instagram<\/span>\n\t\t\t\t\t\t<i class=\"fab fa-instagram\"><\/i>\t\t\t\t\t<\/a>\n\t\t\t\t<\/span>\n\t\t\t\t\t<\/div>\n\t\t\t\t<\/div>\n\t\t\t\t<\/div>\n\t\t\t\t<div class=\"elementor-element elementor-element-3d5cc51 elementor-shape-circle e-grid-align-right elementor-widget__width-auto elementor-hidden-phone elementor-grid-0 elementor-widget elementor-widget-social-icons\" data-id=\"3d5cc51\" data-element_type=\"widget\" data-widget_type=\"social-icons.default\">\n\t\t\t\t<div class=\"elementor-widget-container\">\n\t\t\t\t\t<div class=\"elementor-social-icons-wrapper elementor-grid\">\n\t\t\t\t\t\t\t<span class=\"elementor-grid-item\">\n\t\t\t\t\t<a class=\"elementor-icon elementor-social-icon elementor-social-icon-instagram elementor-animation-pulse-shrink elementor-repeater-item-136fee9\" href=\"https:\/\/www.instagram.com\/kapkamore.cz\/\" target=\"_blank\">\n\t\t\t\t\t\t<span class=\"elementor-screen-only\">Instagram<\/span>\n\t\t\t\t\t\t<i class=\"fab fa-instagram\"><\/i>\t\t\t\t\t<\/a>\n\t\t\t\t<\/span>\n\t\t\t\t\t<\/div>\n\t\t\t\t<\/div>\n\t\t\t\t<\/div>\n\t\t\t\t\t\t<\/div>\n\t\t\t\t\t<\/div>\n\t\t<\/div>\n\t\t\t\t<div class=\"elementor-column elementor-col-50 elementor-inner-column elementor-element elementor-element-e72c24b\" data-id=\"e72c24b\" data-element_type=\"column\">\n\t\t\t<div class=\"elementor-column-wrap elementor-element-populated\">\n\t\t\t\t\t\t\t<div class=\"elementor-widget-wrap\">\n\t\t\t\t\t\t<div class=\"elementor-element elementor-element-57f24ec elementor-widget elementor-widget-text-editor\" data-id=\"57f24ec\" data-element_type=\"widget\" data-widget_type=\"text-editor.default\">\n\t\t\t\t<div class=\"elementor-widget-container\">\n\t\t\t\t\t\t\t\t<div class=\"elementor-text-editor elementor-clearfix\">\n\t\t\t\t<p><b>Kapka Mo\u0159e s.r.o.&nbsp;<\/b><\/p>\n<p>Nademlejnsk\u00e1 600\/1<\/p>\n<p>198 00 Hloub\u011bt\u00edn<\/p><p><b>Kontakty:<\/b><\/p><p>773 299 199<\/p><p>ja@kapkamore.cz<\/p>\n<p><\/p>\t\t\t\t\t<\/div>\n\t\t\t\t\t\t<\/div>\n\t\t\t\t<\/div>\n\t\t\t\t\t\t<\/div>\n\t\t\t\t\t<\/div>\n\t\t<\/div>\n\t\t\t\t\t\t\t\t<\/div>\n\t\t\t\t\t<\/div>\n\t\t<\/section>\n\t\t\t\t<div class=\"elementor-element elementor-element-2a35204 elementor-widget elementor-widget-heading\" data-id=\"2a35204\" data-element_type=\"widget\" data-widget_type=\"heading.default\">\n\t\t\t\t<div class=\"elementor-widget-container\">\n\t\t\t<h4 class=\"elementor-heading-title elementor-size-default\">\u00a9 Kapka Mo\u0159e 2019-2023<\/h4>\t\t<\/div>\n\t\t\t\t<\/div>\n\t\t\t\t\t\t<\/div>\n\t\t\t\t\t<\/div>\n\t\t<\/div>\n\t\t\t\t\t\t\t\t<\/div>\n\t\t\t\t\t<\/div>\n\t\t<\/section>\n\t\t\t\t\t\t\t\t\t<\/div>\n\t\t\t<\/div>\n\t\t\t\t\t<\/div>\n\t\t","protected":false},"excerpt":{"rendered":"<p>str\u00e1nky v \u00faprav\u011b \u201eJsem jen kr\u016fp\u011bj pouh\u00e1, jsem kapkou v mo\u0159i, av\u0161ak tis\u00edce n\u00e1s mo\u0159e tvo\u0159\u00ed.\u201c \u0158ekla jednou Kapka Mo\u0159e Facebook-f Facebook-f Instagram Instagram Kapka Mo\u0159e s.r.o.&nbsp; Nademlejnsk\u00e1 600\/1 198 00 Hloub\u011bt\u00edn Kontakty: 773 299 199 ja@kapkamore.cz \u00a9 Kapka Mo\u0159e 2019-2023<\/p>\n","protected":false},"author":1,"featured_media":0,"parent":0,"menu_order":0,"comment_status":"closed","ping_status":"closed","template":"","meta":{"order-bump-settings":[],"_wpfnl_thankyou_order_overview":"on","_wpfnl_thankyou_order_details":"on","_wpfnl_thankyou_billing_details":"on","_wpfnl_thankyou_shipping_details":"on"},"yoast_head":"<!-- This site is optimized with the Yoast SEO plugin v21.1 - https:\/\/yoast.com\/wordpress\/plugins\/seo\/ -->\n<title>domov - Kapka Mo\u0159e<\/title>\n<meta name=\"robots\" content=\"index, follow, max-snippet:-1, max-image-preview:large, max-video-preview:-1\" \/>\n<link rel=\"canonical\" href=\"https:\/\/kapkamore.cz\/domov\/\" \/>\n<meta property=\"og:locale\" content=\"cs_CZ\" \/>\n<meta property=\"og:type\" content=\"article\" \/>\n<meta property=\"og:title\" content=\"domov - Kapka Mo\u0159e\" \/>\n<meta property=\"og:description\" content=\"str\u00e1nky v \u00faprav\u011b \u201eJsem jen kr\u016fp\u011bj pouh\u00e1, jsem kapkou v mo\u0159i, av\u0161ak tis\u00edce n\u00e1s mo\u0159e tvo\u0159\u00ed.\u201c \u0158ekla jednou Kapka Mo\u0159e Facebook-f Facebook-f Instagram Instagram Kapka Mo\u0159e s.r.o.&nbsp; Nademlejnsk\u00e1 600\/1 198 00 Hloub\u011bt\u00edn Kontakty: 773 299 199 ja@kapkamore.cz \u00a9 Kapka Mo\u0159e 2019-2023\" \/>\n<meta property=\"og:url\" content=\"https:\/\/kapkamore.cz\/domov\/\" \/>\n<meta property=\"og:site_name\" content=\"Kapka Mo\u0159e\" \/>\n<meta property=\"article:modified_time\" content=\"2023-09-27T15:06:32+00:00\" \/>\n<meta property=\"og:image\" content=\"https:\/\/kapkamore.cz\/wp-content\/uploads\/2023\/09\/kapka-more-s.r.o.-150x150.png\" \/>\n<meta name=\"twitter:card\" content=\"summary_large_image\" \/>\n<meta name=\"twitter:label1\" content=\"Odhadovan\u00e1 doba \u010dten\u00ed\" \/>\n\t<meta name=\"twitter:data1\" content=\"1 minuta\" \/>\n<script type=\"application\/ld+json\" class=\"yoast-schema-graph\">{\"@context\":\"https:\/\/schema.org\",\"@graph\":[{\"@type\":\"WebPage\",\"@id\":\"https:\/\/kapkamore.cz\/domov\/\",\"url\":\"https:\/\/kapkamore.cz\/domov\/\",\"name\":\"domov - Kapka Mo\u0159e\",\"isPartOf\":{\"@id\":\"https:\/\/kapkamore.cz\/domov\/#website\"},\"datePublished\":\"2023-09-27T13:45:47+00:00\",\"dateModified\":\"2023-09-27T15:06:32+00:00\",\"breadcrumb\":{\"@id\":\"https:\/\/kapkamore.cz\/domov\/#breadcrumb\"},\"inLanguage\":\"cs\",\"potentialAction\":[{\"@type\":\"ReadAction\",\"target\":[\"https:\/\/kapkamore.cz\/domov\/\"]}]},{\"@type\":\"BreadcrumbList\",\"@id\":\"https:\/\/kapkamore.cz\/domov\/#breadcrumb\",\"itemListElement\":[{\"@type\":\"ListItem\",\"position\":1,\"name\":\"Dom\u016f\",\"item\":\"https:\/\/kapkamore.cz\/domov\/\"},{\"@type\":\"ListItem\",\"position\":2,\"name\":\"domov\"}]},{\"@type\":\"WebSite\",\"@id\":\"https:\/\/kapkamore.cz\/domov\/#website\",\"url\":\"https:\/\/kapkamore.cz\/domov\/\",\"name\":\"Kapka Mo\u0159e\",\"description\":\"Web o vod\u011b kolem n\u00e1s\",\"publisher\":{\"@id\":\"https:\/\/kapkamore.cz\/domov\/#organization\"},\"potentialAction\":[{\"@type\":\"SearchAction\",\"target\":{\"@type\":\"EntryPoint\",\"urlTemplate\":\"https:\/\/kapkamore.cz\/domov\/?s={search_term_string}\"},\"query-input\":\"required name=search_term_string\"}],\"inLanguage\":\"cs\"},{\"@type\":\"Organization\",\"@id\":\"https:\/\/kapkamore.cz\/domov\/#organization\",\"name\":\"Kapka Mo\u0159e\",\"url\":\"https:\/\/kapkamore.cz\/domov\/\",\"logo\":{\"@type\":\"ImageObject\",\"inLanguage\":\"cs\",\"@id\":\"https:\/\/kapkamore.cz\/domov\/#\/schema\/logo\/image\/\",\"url\":\"https:\/\/kapkamore.cz\/wp-content\/uploads\/2019\/04\/kapkaMore-bezPozadi.png\",\"contentUrl\":\"https:\/\/kapkamore.cz\/wp-content\/uploads\/2019\/04\/kapkaMore-bezPozadi.png\",\"width\":1429,\"height\":1417,\"caption\":\"Kapka Mo\u0159e\"},\"image\":{\"@id\":\"https:\/\/kapkamore.cz\/domov\/#\/schema\/logo\/image\/\"}}]}<\/script>\n<!-- \/ Yoast SEO plugin. -->","yoast_head_json":{"title":"domov - Kapka Mo\u0159e","robots":{"index":"index","follow":"follow","max-snippet":"max-snippet:-1","max-image-preview":"max-image-preview:large","max-video-preview":"max-video-preview:-1"},"canonical":"https:\/\/kapkamore.cz\/domov\/","og_locale":"cs_CZ","og_type":"article","og_title":"domov - Kapka Mo\u0159e","og_description":"str\u00e1nky v \u00faprav\u011b \u201eJsem jen kr\u016fp\u011bj pouh\u00e1, jsem kapkou v mo\u0159i, av\u0161ak tis\u00edce n\u00e1s mo\u0159e tvo\u0159\u00ed.\u201c \u0158ekla jednou Kapka Mo\u0159e Facebook-f Facebook-f Instagram Instagram Kapka Mo\u0159e s.r.o.&nbsp; Nademlejnsk\u00e1 600\/1 198 00 Hloub\u011bt\u00edn Kontakty: 773 299 199 ja@kapkamore.cz \u00a9 Kapka Mo\u0159e 2019-2023","og_url":"https:\/\/kapkamore.cz\/domov\/","og_site_name":"Kapka Mo\u0159e","article_modified_time":"2023-09-27T15:06:32+00:00","og_image":[{"url":"https:\/\/kapkamore.cz\/wp-content\/uploads\/2023\/09\/kapka-more-s.r.o.-150x150.png"}],"twitter_card":"summary_large_image","twitter_misc":{"Odhadovan\u00e1 doba \u010dten\u00ed":"1 minuta"},"schema":{"@context":"https:\/\/schema.org","@graph":[{"@type":"WebPage","@id":"https:\/\/kapkamore.cz\/domov\/","url":"https:\/\/kapkamore.cz\/domov\/","name":"domov - Kapka Mo\u0159e","isPartOf":{"@id":"https:\/\/kapkamore.cz\/domov\/#website"},"datePublished":"2023-09-27T13:45:47+00:00","dateModified":"2023-09-27T15:06:32+00:00","breadcrumb":{"@id":"https:\/\/kapkamore.cz\/domov\/#breadcrumb"},"inLanguage":"cs","potentialAction":[{"@type":"ReadAction","target":["https:\/\/kapkamore.cz\/domov\/"]}]},{"@type":"BreadcrumbList","@id":"https:\/\/kapkamore.cz\/domov\/#breadcrumb","itemListElement":[{"@type":"ListItem","position":1,"name":"Dom\u016f","item":"https:\/\/kapkamore.cz\/domov\/"},{"@type":"ListItem","position":2,"name":"domov"}]},{"@type":"WebSite","@id":"https:\/\/kapkamore.cz\/domov\/#website","url":"https:\/\/kapkamore.cz\/domov\/","name":"Kapka Mo\u0159e","description":"Web o vod\u011b kolem n\u00e1s","publisher":{"@id":"https:\/\/kapkamore.cz\/domov\/#organization"},"potentialAction":[{"@type":"SearchAction","target":{"@type":"EntryPoint","urlTemplate":"https:\/\/kapkamore.cz\/domov\/?s={search_term_string}"},"query-input":"required name=search_term_string"}],"inLanguage":"cs"},{"@type":"Organization","@id":"https:\/\/kapkamore.cz\/domov\/#organization","name":"Kapka Mo\u0159e","url":"https:\/\/kapkamore.cz\/domov\/","logo":{"@type":"ImageObject","inLanguage":"cs","@id":"https:\/\/kapkamore.cz\/domov\/#\/schema\/logo\/image\/","url":"https:\/\/kapkamore.cz\/wp-content\/uploads\/2019\/04\/kapkaMore-bezPozadi.png","contentUrl":"https:\/\/kapkamore.cz\/wp-content\/uploads\/2019\/04\/kapkaMore-bezPozadi.png","width":1429,"height":1417,"caption":"Kapka Mo\u0159e"},"image":{"@id":"https:\/\/kapkamore.cz\/domov\/#\/schema\/logo\/image\/"}}]}},"_links":{"self":[{"href":"https:\/\/kapkamore.cz\/domov\/wp-json\/wp\/v2\/pages\/4247"}],"collection":[{"href":"https:\/\/kapkamore.cz\/domov\/wp-json\/wp\/v2\/pages"}],"about":[{"href":"https:\/\/kapkamore.cz\/domov\/wp-json\/wp\/v2\/types\/page"}],"author":[{"embeddable":true,"href":"https:\/\/kapkamore.cz\/domov\/wp-json\/wp\/v2\/users\/1"}],"replies":[{"embeddable":true,"href":"https:\/\/kapkamore.cz\/domov\/wp-json\/wp\/v2\/comments?post=4247"}],"version-history":[{"count":49,"href":"https:\/\/kapkamore.cz\/domov\/wp-json\/wp\/v2\/pages\/4247\/revisions"}],"predecessor-version":[{"id":4300,"href":"https:\/\/kapkamore.cz\/domov\/wp-json\/wp\/v2\/pages\/4247\/revisions\/4300"}],"wp:attachment":[{"href":"https:\/\/kapkamore.cz\/domov\/wp-json\/wp\/v2\/media?parent=4247"}],"curies":[{"name":"wp","href":"https:\/\/api.w.org\/{rel}","templated":true}]}}